{"id":8,"date":"2023-08-09T12:46:52","date_gmt":"2023-08-09T10:46:52","guid":{"rendered":"https:\/\/localhost\/blog.tecnivisa.com\/?page_id=8"},"modified":"2024-02-14T18:31:43","modified_gmt":"2024-02-14T17:31:43","slug":"inicio","status":"publish","type":"page","link":"https:\/\/tecnivisa.com\/blog\/","title":{"rendered":"Inicio"},"content":{"rendered":"\n<div class=\"wp-block-cover alignfull is-light\" style=\"min-height:700px;aspect-ratio:unset;\"><span aria-hidden=\"true\" class=\"wp-block-cover__background has-background-dim-0 has-background-dim\"><\/span><img loading=\"lazy\" decoding=\"async\" width=\"2542\" height=\"817\" class=\"wp-block-cover__image-background wp-image-150\" alt=\"\" src=\"https:\/\/tecnivisa.com\/blog\/wp-content\/uploads\/2023\/08\/fondo-blog-1.jpg\" style=\"object-position:22% 44%\" data-object-fit=\"cover\" data-object-position=\"22% 44%\" srcset=\"https:\/\/tecnivisa.com\/blog\/wp-content\/uploads\/2023\/08\/fondo-blog-1.jpg 2542w, https:\/\/tecnivisa.com\/blog\/wp-content\/uploads\/2023\/08\/fondo-blog-1-300x96.jpg 300w, https:\/\/tecnivisa.com\/blog\/wp-content\/uploads\/2023\/08\/fondo-blog-1-1024x329.jpg 1024w, https:\/\/tecnivisa.com\/blog\/wp-content\/uploads\/2023\/08\/fondo-blog-1-768x247.jpg 768w, https:\/\/tecnivisa.com\/blog\/wp-content\/uploads\/2023\/08\/fondo-blog-1-1536x494.jpg 1536w, https:\/\/tecnivisa.com\/blog\/wp-content\/uploads\/2023\/08\/fondo-blog-1-2048x658.jpg 2048w\" sizes=\"auto, (max-width: 2542px) 100vw, 2542px\" \/><div class=\"wp-block-cover__inner-container is-layout-flow wp-block-cover-is-layout-flow\">\n<div style=\"height:80px\" aria-hidden=\"true\" class=\"wp-block-spacer\"><\/div>\n\n\n\n<h1 class=\"wp-block-heading has-text-align-center has-text-color\" style=\"color:#121212\">Disfruta de nuestras noticias<\/h1>\n\n\n\n<p class=\"has-text-align-left has-text-color\" style=\"color:#121212;font-size:17px\">Aqu\u00ed os presentamos <strong>Tecnivisa Blog<\/strong> donde os mantendremos informados de nuestras promociones en construcci\u00f3n y pr\u00f3ximas promociones. Tambi\u00e9n intentaremos hablaros de nuestro entorno, del sector de la construcci\u00f3n y el inmobiliario.<\/p>\n\n\n\n<div class=\"wp-block-buttons is-content-justification-center is-layout-flex wp-container-core-buttons-is-layout-16018d1d wp-block-buttons-is-layout-flex\">\n<div class=\"wp-block-button is-style-primary\"><a class=\"wp-block-button__link wp-element-button\" href=\"https:\/\/tecnivisa.com\/blog\/?page_id=13\">LEER ARTICULOS<\/a><\/div>\n\n\n\n<div class=\"wp-block-button is-style-secondary\"><a class=\"wp-block-button__link wp-element-button\" href=\"https:\/\/tecnivisa.com\" target=\"_blank\" rel=\"noreferrer noopener\">VOLVER A LA WEB<\/a><\/div>\n<\/div>\n\n\n\n<div style=\"height:80px\" aria-hidden=\"true\" class=\"wp-block-spacer\"><\/div>\n\n\n\n<div style=\"height:80px\" aria-hidden=\"true\" class=\"wp-block-spacer\"><\/div>\n\n\n\n<p><\/p>\n<\/div><\/div>\n\n\n\n<div style=\"height:80px\" aria-hidden=\"true\" class=\"wp-block-spacer\"><\/div>\n\n\n\n<h2 class=\"wp-block-heading has-nv-c-1-color has-text-color has-link-color wp-elements-b6dfc188f60496c04fb74d3a84b30cda\">Visita nuestras \u00faltimas entradas<\/h2>\n\n\n\n<div class=\"wp-block-group has-neve-link-color-color has-text-color has-link-color wp-elements-9ad016e640a317863792c137b617eb15\"><div class=\"wp-block-group__inner-container is-layout-constrained wp-block-group-is-layout-constrained\"><ul class=\"wp-block-latest-posts__list wp-block-latest-posts\"><li><a class=\"wp-block-latest-posts__post-title\" href=\"https:\/\/tecnivisa.com\/blog\/tendencias-decorativas-para-2025\/\">Tendencias decorativas para 2025<\/a><\/li>\n<li><a class=\"wp-block-latest-posts__post-title\" href=\"https:\/\/tecnivisa.com\/blog\/el-gobierno-aprueba-la-linea-de-avales-ico-del-20-para-la-entrada-de-una-vivienda\/\">El Gobierno aprueba la l\u00ednea de avales ICO del 20% para la entrada de una vivienda<\/a><\/li>\n<li><a class=\"wp-block-latest-posts__post-title\" href=\"https:\/\/tecnivisa.com\/blog\/este-es-el-municipio-madrileno-con-mejor-calidad-de-vida-y-ubicacion-para-comprar-una-vivienda\/\">Este es el municipio madrile\u00f1o con mejor calidad de vida y ubicaci\u00f3n para comprar una vivienda<\/a><\/li>\n<li><a class=\"wp-block-latest-posts__post-title\" href=\"https:\/\/tecnivisa.com\/blog\/conoces-las-ayudas-para-la-compra-de-una-vivienda-nueva\/\">\u00bfConoces las ayudas para la compra de una vivienda nueva?<\/a><\/li>\n<li><a class=\"wp-block-latest-posts__post-title\" href=\"https:\/\/tecnivisa.com\/blog\/razones-para-comprar-vivienda-nueva-aqui-y-ahora\/\">Razones para comprar vivienda nueva aqu\u00ed y ahora<\/a><\/li>\n<\/ul><\/div><\/div>\n\n\n\n<div style=\"height:80px\" aria-hidden=\"true\" class=\"wp-block-spacer\"><\/div>\n\n\n\n<div class=\"wp-block-cover alignfull\" style=\"min-height:600px;aspect-ratio:unset;\"><span aria-hidden=\"true\" class=\"wp-block-cover__background has-nv-light-bg-background-color has-background-dim-100 has-background-dim\"><\/span><div class=\"wp-block-cover__inner-container is-layout-flow wp-block-cover-is-layout-flow\">\n<div class=\"wp-block-group\"><div class=\"wp-block-group__inner-container is-layout-flow wp-block-group-is-layout-flow\">\n<div style=\"height:80px\" aria-hidden=\"true\" class=\"wp-block-spacer\"><\/div>\n\n\n\n<div class=\"wp-block-columns are-vertically-aligned-center is-layout-flex wp-container-core-columns-is-layout-9d6595d7 wp-block-columns-is-layout-flex\">\n<div class=\"wp-block-column is-vertically-aligned-center is-layout-flow wp-block-column-is-layout-flow\" style=\"flex-basis:50%\">\n<figure class=\"wp-block-image size-large\"><img loading=\"lazy\" decoding=\"async\" width=\"1024\" height=\"1024\" src=\"https:\/\/localhost\/blog.tecnivisa.com\/wp-content\/uploads\/2023\/08\/fresno-blog-1024x1024.jpg\" alt=\"\" class=\"wp-image-92\" srcset=\"https:\/\/tecnivisa.com\/blog\/wp-content\/uploads\/2023\/08\/fresno-blog-1024x1024.jpg 1024w, https:\/\/tecnivisa.com\/blog\/wp-content\/uploads\/2023\/08\/fresno-blog-300x300.jpg 300w, https:\/\/tecnivisa.com\/blog\/wp-content\/uploads\/2023\/08\/fresno-blog-150x150.jpg 150w, https:\/\/tecnivisa.com\/blog\/wp-content\/uploads\/2023\/08\/fresno-blog-768x768.jpg 768w, https:\/\/tecnivisa.com\/blog\/wp-content\/uploads\/2023\/08\/fresno-blog-1536x1536.jpg 1536w, https:\/\/tecnivisa.com\/blog\/wp-content\/uploads\/2023\/08\/fresno-blog-2048x2048.jpg 2048w\" sizes=\"auto, (max-width: 1024px) 100vw, 1024px\" \/><\/figure>\n<\/div>\n\n\n\n<div class=\"wp-block-column is-vertically-aligned-center is-layout-flow wp-block-column-is-layout-flow\" style=\"flex-basis:50%\">\n<div style=\"height:20px\" aria-hidden=\"true\" class=\"wp-block-spacer\"><\/div>\n\n\n\n<h2 class=\"wp-block-heading has-text-align-left has-neve-text-color-color has-text-color\">Ffresno Homes<\/h2>\n\n\n\n<p class=\"has-text-align-left has-neve-text-color-color has-text-color\" style=\"font-size:17px\">Viviendas de 1, 2 y 3 dormitorios, bajos con patio y \u00e1ticos abuhardillados con terraza, pensados para disfrutar de tu nueva forma de vivir en el centro.<\/p>\n\n\n\n<div class=\"wp-block-buttons is-content-justification-left is-layout-flex wp-container-core-buttons-is-layout-fdcfc74e wp-block-buttons-is-layout-flex\">\n<div class=\"wp-block-button is-style-primary\"><a class=\"wp-block-button__link wp-element-button\" href=\"https:\/\/tecnivisa.com\/tecnivisa-ffresno-homes.html\">VER PROMOCI\u00d3N<\/a><\/div>\n<\/div>\n<\/div>\n<\/div>\n\n\n\n<div style=\"height:40px\" aria-hidden=\"true\" class=\"wp-block-spacer\"><\/div>\n<\/div><\/div>\n<\/div><\/div>\n\n\n\n<div class=\"wp-block-cover alignfull\" style=\"min-height:1074px;aspect-ratio:unset;\"><span aria-hidden=\"true\" class=\"wp-block-cover__background has-nv-site-bg-background-color has-background-dim-100 has-background-dim\"><\/span><div class=\"wp-block-cover__inner-container is-layout-flow wp-block-cover-is-layout-flow\">\n<div class=\"wp-block-group\"><div class=\"wp-block-group__inner-container is-layout-flow wp-block-group-is-layout-flow\">\n<div style=\"height:80px\" aria-hidden=\"true\" class=\"wp-block-spacer\"><\/div>\n\n\n\n<div class=\"wp-block-columns are-vertically-aligned-center is-layout-flex wp-container-core-columns-is-layout-9d6595d7 wp-block-columns-is-layout-flex\">\n<div class=\"wp-block-column is-vertically-aligned-center is-layout-flow wp-block-column-is-layout-flow\" style=\"flex-basis:50%\">\n<h2 class=\"wp-block-heading has-text-align-left has-neve-text-color-color has-text-color\">Avus Homes<\/h2>\n\n\n\n<p class=\"has-text-align-left has-neve-text-color-color has-text-color\" style=\"font-size:17px\">Viviendas de 1, 2 y 3 dormitorios, bajos con patio y \u00e1ticos abuhardillados con terraza, en compra de obra nueva o en alquiler a estrenar para que vuelvas a sentir la vida de barrio en el centro.<\/p>\n\n\n\n<div class=\"wp-block-buttons is-content-justification-left is-layout-flex wp-container-core-buttons-is-layout-fdcfc74e wp-block-buttons-is-layout-flex\">\n<div class=\"wp-block-button is-style-primary\"><a class=\"wp-block-button__link wp-element-button\" href=\"https:\/\/tecnivisa.com\/tecnivisa-avus-homes.html\"> VER PROMOCI\u00d3N<\/a><\/div>\n<\/div>\n\n\n\n<div style=\"height:40px\" aria-hidden=\"true\" class=\"wp-block-spacer\"><\/div>\n<\/div>\n\n\n\n<div class=\"wp-block-column is-vertically-aligned-center is-layout-flow wp-block-column-is-layout-flow\" style=\"flex-basis:50%\">\n<figure class=\"wp-block-image size-large\"><img loading=\"lazy\" decoding=\"async\" width=\"1024\" height=\"1024\" src=\"https:\/\/localhost\/blog.tecnivisa.com\/wp-content\/uploads\/2023\/08\/avus-blog-1024x1024.jpg\" alt=\"\" class=\"wp-image-91\" srcset=\"https:\/\/tecnivisa.com\/blog\/wp-content\/uploads\/2023\/08\/avus-blog-1024x1024.jpg 1024w, https:\/\/tecnivisa.com\/blog\/wp-content\/uploads\/2023\/08\/avus-blog-300x300.jpg 300w, https:\/\/tecnivisa.com\/blog\/wp-content\/uploads\/2023\/08\/avus-blog-150x150.jpg 150w, https:\/\/tecnivisa.com\/blog\/wp-content\/uploads\/2023\/08\/avus-blog-768x768.jpg 768w, https:\/\/tecnivisa.com\/blog\/wp-content\/uploads\/2023\/08\/avus-blog-1536x1536.jpg 1536w, https:\/\/tecnivisa.com\/blog\/wp-content\/uploads\/2023\/08\/avus-blog-2048x2048.jpg 2048w\" sizes=\"auto, (max-width: 1024px) 100vw, 1024px\" \/><\/figure>\n<\/div>\n<\/div>\n\n\n\n<div style=\"height:100px\" aria-hidden=\"true\" class=\"wp-block-spacer\"><\/div>\n<\/div><\/div>\n<\/div><\/div>\n\n\n\n<div class=\"wp-block-cover alignfull\" style=\"min-height:300px;aspect-ratio:unset;\"><span aria-hidden=\"true\" class=\"wp-block-cover__background has-nv-dark-bg-background-color has-background-dim-100 has-background-dim\"><\/span><div class=\"wp-block-cover__inner-container is-layout-flow wp-block-cover-is-layout-flow\">\n<div style=\"height:140px\" aria-hidden=\"true\" class=\"wp-block-spacer\"><\/div>\n\n\n\n<h2 class=\"wp-block-heading has-text-align-center has-nv-text-dark-bg-color has-text-color\">Tecnivisa, confianza y calidad<\/h2>\n\n\n\n<p class=\"has-text-align-center has-medium-font-size\">Vuelve a disfrutar de vivir en el Centro. Tu nueva vida en pleno coraz\u00f3n de Sanse, te espera<\/p>\n\n\n\n<div class=\"wp-block-buttons is-content-justification-center is-layout-flex wp-container-core-buttons-is-layout-16018d1d wp-block-buttons-is-layout-flex\">\n<div class=\"wp-block-button is-style-primary\"><a class=\"wp-block-button__link wp-element-button\" href=\"https:\/\/www.tecnivisa.com\/\">VISITAR WEB CORPORATIVA<\/a><\/div>\n<\/div>\n\n\n\n<div style=\"height:180px\" aria-hidden=\"true\" class=\"wp-block-spacer\"><\/div>\n<\/div><\/div>\n","protected":false},"excerpt":{"rendered":"<p>Visita nuestras \u00faltimas entradas<\/p>\n","protected":false},"author":1,"featured_media":0,"parent":0,"menu_order":0,"comment_status":"closed","ping_status":"closed","template":"","meta":{"neve_meta_sidebar":"","neve_meta_container":"","neve_meta_enable_content_width":"on","neve_meta_content_width":100,"neve_meta_title_alignment":"","neve_meta_author_avatar":"","neve_post_elements_order":"","neve_meta_disable_header":"","neve_meta_disable_footer":"","neve_meta_disable_title":"on","neve_meta_reading_time":"","footnotes":""},"class_list":["post-8","page","type-page","status-publish","hentry"],"_links":{"self":[{"href":"https:\/\/tecnivisa.com\/blog\/wp-json\/wp\/v2\/pages\/8","targetHints":{"allow":["GET"]}}],"collection":[{"href":"https:\/\/tecnivisa.com\/blog\/wp-json\/wp\/v2\/pages"}],"about":[{"href":"https:\/\/tecnivisa.com\/blog\/wp-json\/wp\/v2\/types\/page"}],"author":[{"embeddable":true,"href":"https:\/\/tecnivisa.com\/blog\/wp-json\/wp\/v2\/users\/1"}],"replies":[{"embeddable":true,"href":"https:\/\/tecnivisa.com\/blog\/wp-json\/wp\/v2\/comments?post=8"}],"version-history":[{"count":40,"href":"https:\/\/tecnivisa.com\/blog\/wp-json\/wp\/v2\/pages\/8\/revisions"}],"predecessor-version":[{"id":244,"href":"https:\/\/tecnivisa.com\/blog\/wp-json\/wp\/v2\/pages\/8\/revisions\/244"}],"wp:attachment":[{"href":"https:\/\/tecnivisa.com\/blog\/wp-json\/wp\/v2\/media?parent=8"}],"curies":[{"name":"wp","href":"https:\/\/api.w.org\/{rel}","templated":true}]}}