{"id":3,"date":"2023-08-09T12:38:33","date_gmt":"2023-08-09T10:38:33","guid":{"rendered":"https:\/\/localhost\/blog.tecnivisa.com\/?page_id=3"},"modified":"2024-01-23T20:12:35","modified_gmt":"2024-01-23T19:12:35","slug":"politica-privacidad","status":"publish","type":"page","link":"https:\/\/tecnivisa.com\/blog\/politica-privacidad\/","title":{"rendered":"POL\u00cdTICA DE PRIVACIDAD"},"content":{"rendered":"\n<p>Para dar cumplimiento a lo establecido en la Ley 34\/2002 de 11 de julio, de Servicios de la Sociedad de la Informaci\u00f3n y de Comercio Electr\u00f3nico (LSSICE), a continuaci\u00f3n, se indican los datos de informaci\u00f3n general del sitio&nbsp;<strong>www.tecnivisa.com<\/strong><\/p>\n\n\n\n<p>La titularidad del sitio web https:\/\/www.tecnivisa.com\/ pertenece a:<\/p>\n\n\n\n<p>TECNIVISA, S.A.<br>C.I.F.: A-78475761<\/p>\n\n\n\n<p>Inscrita en el Registro Mercantil de Madrid. Tomo 7.941, general 6.881, secci\u00f3n 3, hoja 68.824-3. C.I.F.: A-78475761<\/p>\n\n\n\n<p><strong>Domicilio social:&nbsp;<\/strong>Calle Real, 102, 28703 San Sebasti\u00e1n de los Reyes, Madrid.<\/p>\n\n\n\n<p><strong>Tel\u00e9fono:<\/strong>&nbsp;916 53 23 95<\/p>\n\n\n\n<p><strong>E-mail:<\/strong>&nbsp;info@tecnivisa.com<\/p>\n\n\n\n<p>El objetivo de la Pol\u00edtica de Privacidad de&nbsp;<strong>TECNIVISA, S.A.<\/strong>&nbsp;es proteger la informaci\u00f3n en Internet y los datos que el usuario pueda introducir en la web. Esta Pol\u00edtica de Privacidad est\u00e1 presidida por el cumplimiento de la legislaci\u00f3n vigente en materia de protecci\u00f3n de datos de car\u00e1cter personal: Ley Org\u00e1nica 15\/1999, de 13 de diciembre, de Protecci\u00f3n de Datos de Car\u00e1cter Personal (LOPD) y por el Real Decreto 1720\/2007, de 21 de diciembre, por el que se aprueba el Reglamento de Desarrollo de la Ley Org\u00e1nica 15\/1999 (RLOPD).<\/p>\n\n\n\n<hr class=\"wp-block-separator has-alpha-channel-opacity\"\/>\n\n\n\n<h3 class=\"wp-block-heading\">1. Uso y Tratamiento de Datos de Car\u00e1cter Personal<\/h3>\n\n\n\n<p>A trav\u00e9s del presente, \u2018TECNIVISA, SA\u2019 (en adelante \u2018TECNIVISA\u2019), informa a los usuarios de la Web http:\/\/www.tecnivisa.com\/ , en cumplimiento del art\u00edculo 5 de la Ley Org\u00e1nica 15\/1999, de 13 de diciembre, de Protecci\u00f3n de Datos, de su pol\u00edtica de protecci\u00f3n de datos personales con la finalidad que \u00e9stos decidan de forma expresa, libre y voluntaria, facilitar a \u2018TECNIVISA\u2019 los datos personales que les son solicitados motivado por la solicitud de informaci\u00f3n de nuestros productos.<br>Por tanto, se informa a los usuarios que los datos de car\u00e1cter personal facilitados ser\u00e1n incorporados a un fichero, debidamente inscrito en el la Agencia Espa\u00f1ola de Protecci\u00f3n de Datos, del cual el titular y responsable es \u2018TECNIVISA, SA\u2019 (CIF: A-78475761), con domicilio social en Calle Real, 102, 28703 San Sebasti\u00e1n de los Reyes, Madrid, llevando a cabo un tratamiento con la finalidad de potenciar y mantener la relaci\u00f3n de colaboraci\u00f3n, contractual o de negocios que en su caso se establezca as\u00ed como para recibir informaci\u00f3n publicitaria sobre todos nuestros servicios.<br>Excepto que espec\u00edficamente se establezca lo contrario, se considera necesario completar todos los datos requeridos en el formulario o impreso an\u00e1logo de forma verdadera, exacta, completa y actualizada. En caso contrario, \u2018TECNIVISA\u2019 podr\u00e1, dependiendo del caso, no proceder al registro del usuario, o bien denegar el servicio concreto solicitado.<\/p>\n\n\n\n<h3 class=\"wp-block-heading\">2.&nbsp;Ejercicio de Derechos: Acceso, Rectificaci\u00f3n, Cancelaci\u00f3n y Oposici\u00f3n<\/h3>\n\n\n\n<p>De la misma manera, de conformidad con lo que se establece en la Ley de protecci\u00f3n de datos, el usuario puede ejercer sus derechos de acceso, rectificaci\u00f3n, cancelaci\u00f3n y oposici\u00f3n, dirigiendo una comunicaci\u00f3n escrita a \u2018TECNIVISA, SA\u2019, Calle Real, 102, 28703, San Sebasti\u00e1n de los Reyes, Madrid, o por correo electr\u00f3nico a la direcci\u00f3n electr\u00f3nica info@tecnivisa.com, en la que acredite su identidad.<br>La solicitud deber\u00e1 contener nombre, apellidos y fotocopia del DNI del interesado o de su representante legal, as\u00ed como documento acreditativo de la representaci\u00f3n, petici\u00f3n en la que se concrete la solicitud, domicilio a efectos de notificaciones, fecha y firma del solicitante y documentos acreditativos de la petici\u00f3n que formula. Si la solicitud no re\u00fane los requisitos especificados se requerir\u00e1 su subsanaci\u00f3n.<br>No se podr\u00e1n atender las solicitudes respecto del ejercicio del derecho de cancelaci\u00f3n de datos identificativos de los usuarios mientras \u00e9stos mantengan su relaci\u00f3n con \u2018TECNIVISA, SA\u2019. No obstante, los usuarios pueden oponerse al tratamiento de sus datos respecto a la recepci\u00f3n de informaci\u00f3n publicitaria de nuestros productos.<\/p>\n\n\n\n<h3 class=\"wp-block-heading\">3. Medidas de Seguridad<\/h3>\n\n\n\n<p>\u2018TECNIVISA, SA\u2019 ha adoptado las medidas de \u00edndole t\u00e9cnica y organizativa necesarias para garantizar la seguridad de los datos y evitar su alteraci\u00f3n, p\u00e9rdida, tratamiento o acceso no autorizado, teniendo en cuenta el estado de la tecnolog\u00eda, la naturaleza de los datos almacenados y los riesgos a que se encuentran expuestos, ya provengan de la acci\u00f3n humana o del medio f\u00edsico o natural.<br>Se han adoptado las medidas de \u00edndole t\u00e9cnicas y organizativas que persiguen alcanzar los objetivos b\u00e1sicos en materia de seguridad, como son: la confidencialidad, entendida como la limitaci\u00f3n de acceso a la informaci\u00f3n por personas no autorizadas; la integridad, entendida como el mantenimiento de la informaci\u00f3n fiable y con calidad, y la disponibilidad, entendida como la garant\u00eda de acceso al sistema de informaci\u00f3n por la solicitud de un usuario autorizado.<\/p>\n\n\n\n<h3 class=\"wp-block-heading\">4. Comunicaciones Publicitarias<\/h3>\n\n\n\n<p>En cumplimiento de la Ley 34\/2002 de 11 de julio de Servicios de la Informaci\u00f3n y del Comercio Electr\u00f3nico y de las modificaciones en ella introducidas por la Ley 32\/2003 de 3 de noviembre, General de Telecomunicaciones, se advierte que la aceptaci\u00f3n de la presente cl\u00e1usula implica, adem\u00e1s, su consentimiento para recibir comunicaciones publicitarias de nuestros productos, as\u00ed como comunicaciones de distinta naturaleza que no sean incompatibles.<br>En todo momento el usuario puede oponerse al tratamiento de sus datos para \u00e9stas finalidades y revocar el consentimiento prestado, siendo suficiente dirigir una comunicaci\u00f3n escrita a \u2018TECNIVISA, SA\u2019, Calle Real, 102, 28703, San Sebasti\u00e1n de los Reyes, Madrid o por correo electr\u00f3nico a la direcci\u00f3n electr\u00f3nica info@tecnivisa.com, indicando en el asunto del correo \u201cDAR DE BAJA\u201d.<\/p>\n\n\n\n<p>Asimismo, \u2018TECNIVISA, SA\u2019 ha implantado las medidas t\u00e9cnicas y organizativas necesarias para evitar la p\u00e9rdida, mal uso, alteraci\u00f3n, acceso no autorizado y robo de los Datos Personales que los interesados pudieran facilitar como consecuencia del acceso a las diferentes secciones del website www.tecnivisa.com aplicando las medidas de seguridad contempladas en el Reglamento (UE) 2016\/679 del Parlamento Europeo y del Consejo, de 27 de abril de 2016, relativo a la protecci\u00f3n de las personas f\u00edsicas en lo que respecta al tratamiento de datos personales y a la libre circulaci\u00f3n de estos datos (Reglamento General de Protecci\u00f3n de Datos \u2013 RGPD).<\/p>\n\n\n\n<h3 class=\"wp-block-heading\">5. Propiedad Intelectual e Industrial<\/h3>\n\n\n\n<p>\u2018TECNIVISA, SA\u2019 es la titular de todos los derechos de propiedad intelectual de la p\u00e1gina http:\/\/www.tecnivisa.com\/, as\u00ed como de su c\u00f3digo fuente, dise\u00f1o, estructuras de navegaci\u00f3n y los distintos elementos en ellas contenidos en la misma. Corresponden tambi\u00e9n a \u2018TECNIVISA, SA\u2019 el ejercicio exclusivo de los derechos de explotaci\u00f3n de los mismos en cualquier forma y, en especial, los derechos de reproducci\u00f3n, distribuci\u00f3n, comunicaci\u00f3n p\u00fablica y transformaci\u00f3n, de acuerdo con la legislaci\u00f3n espa\u00f1ola y de la Uni\u00f3n Europea aplicable.<\/p>\n\n\n\n<p>La presente web http:\/\/www.tecnivisa.com\/, las p\u00e1ginas que comprende y la informaci\u00f3n o elementos contenidos en las mismas, incluye textos, documentos, fotograf\u00edas, dibujos, representaciones gr\u00e1ficas, programas inform\u00e1ticos, as\u00ed como logotipos, marcas, nombres comerciales, u otros signos distintivos, protegidos por derechos de propiedad intelectual o industrial, de los que \u2018TECNIVISA, SA\u2019 es titular.<\/p>\n\n\n\n<p>La autorizaci\u00f3n al Usuario para el acceso a la Web no supone renuncia, transmisi\u00f3n, licencia o cesi\u00f3n total ni parcial sobre derechos de propiedad intelectual o industrial por parte de \u2018TECNIVISA, SA\u2019.<\/p>\n\n\n\n<h3 class=\"wp-block-heading\">6. Modificaci\u00f3n de la Pol\u00edtica de Privacidad<\/h3>\n\n\n\n<p>\u2018TECNIVISA, SA\u2019 se reserva el derecho a modificar su Pol\u00edtica de Privacidad, de acuerdo a su propio criterio, o motivado por un cambio legislativo, jurisprudencial o doctrinal de la Agencia Espa\u00f1ola de Protecci\u00f3n de Datos. Cualquier modificaci\u00f3n de la Pol\u00edtica de Privacidad ser\u00e1 publicada al menos diez d\u00edas antes de su efectiva aplicaci\u00f3n. El uso de la Web despu\u00e9s de dichos cambios, implicar\u00e1 la aceptaci\u00f3n de estos.<\/p>\n\n\n\n<h3 class=\"wp-block-heading\">7.&nbsp;Recepci\u00f3n de Curr\u00edculums<\/h3>\n\n\n\n<p>\u2018TECNIVISA, SA\u2019 informa que, de conformidad con la Ley Org\u00e1nica 15\/1999, de 13 de Diciembre, de Protecci\u00f3n de Datos de Car\u00e1cter Personal, los datos personales que nos proporcionas mediante el env\u00edo de tu curr\u00edculum, as\u00ed como cualquier otro que se pudiese generar como consecuencia de tu participaci\u00f3n en procesos de selecci\u00f3n, pasan a ser incluidos en un fichero debidamente inscrito en el Registro de la Agencia Espa\u00f1ola de Protecci\u00f3n de Datos, cuya titularidad corresponde a \u2018TECNIVISA, SA\u2019, con CIF A-78475761 y con domicilio en Calle Real, 102, 28703, San Sebasti\u00e1n de los Reyes, Madrid.<br>Te informamos que tus datos ser\u00e1n tratados para hacerte part\u00edcipe en los procesos de selecci\u00f3n de personal realizados por \u2018TECNIVISA, SA\u2019, llevando a cabo un an\u00e1lisis de perfil de los solicitantes, a fin de seleccionar al mejor candidato y ser\u00e1n conservados por un periodo m\u00e1ximo de un a\u00f1o, transcurrido el cual, deber\u00e1s volver a enviarnos tu CV, en caso de que quieras que continuemos conservando tus datos en nuestras bases de datos.<\/p>\n\n\n\n<h3 class=\"wp-block-heading\">8.&nbsp;Textos e im\u00e1genes<\/h3>\n\n\n\n<p>Los textos, dibujos y dise\u00f1os de este site, tienen por objeto informar y dar a conocer las caracter\u00edsticas generales y orientativas de las promociones que \u2018TECNIVISA\u2019 va a desarrollar pr\u00f3ximamente. No son dibujos ni dise\u00f1os definitivos que reflejen la realidad de lo que \u2018TECNIVISA\u2019 va a promover y tiene un car\u00e1cter meramente general y orientativo. Por todo ello, no son vinculantes ni implican un compromiso contractual para \u2018TECNIVISA, SA\u2019.<\/p>\n\n\n\n<h3 class=\"wp-block-heading\">9. Legislaci\u00f3n aplicable y competencia jurisdiccional<\/h3>\n\n\n\n<p>Las relaciones establecidas entre &#8216;TECNIVISA, SA&#8217; y el Usuario se regir\u00e1n por lo dispuesto en la normativa vigente acerca de la legislaci\u00f3n aplicable y la jurisdicci\u00f3n competente. No obstante, para los casos en los que la normativa prevea la posibilidad a las partes de someterse a un fuero, &#8216;TECNIVISA, SA&#8217; y el Usuario, con renuncia expresa a cualquier otro fuero que pudiera corresponderles, se someten a los Juzgados y Tribunales de la ciudad de Madrid. El presente Aviso Legal se rige por la ley espa\u00f1ola.<\/p>\n\n\n\n<hr class=\"wp-block-separator has-alpha-channel-opacity\"\/>\n\n\n\n<h3 class=\"wp-block-heading\">POL\u00cdTICA DE PRIVACIDAD PARA GOOGLE ANALYTICS<\/h3>\n\n\n\n<h3 class=\"wp-block-heading\">1. Introducci\u00f3n<\/h3>\n\n\n\n<p>Esta Pol\u00edtica de Privacidad tiene el prop\u00f3sito de informarte sobre c\u00f3mo recopilamos, utilizamos y protegemos la informaci\u00f3n personal que podamos obtener a trav\u00e9s de la utilizaci\u00f3n de Google Analytics en nuestro sitio web. Tu privacidad es fundamental para nosotros y nos esforzamos por garantizar que se respete y proteja de acuerdo con las leyes aplicables.<\/p>\n\n\n\n<h3 class=\"wp-block-heading\">2. Informaci\u00f3n Recopilada por Google Analytics<\/h3>\n\n\n\n<p>Google Analytics utiliza cookies y tecnolog\u00edas similares para recopilar datos sobre la interacci\u00f3n de los usuarios con nuestro sitio web. Esto incluye informaci\u00f3n sobre la navegaci\u00f3n, el dispositivo utilizado, la ubicaci\u00f3n geogr\u00e1fica, el sistema operativo y otros datos similares. Estos datos se recopilan de manera an\u00f3nima y se utilizan para analizar patrones de tr\u00e1fico y mejorar la experiencia del usuario.<\/p>\n\n\n\n<h3 class=\"wp-block-heading\">3. Uso de la Informaci\u00f3n Recopilada<\/h3>\n\n\n\n<p>La informaci\u00f3n recopilada por Google Analytics se utiliza exclusivamente con fines anal\u00edticos para comprender el comportamiento de los usuarios en nuestro sitio web. No asociamos informaci\u00f3n recopilada por Google Analytics con datos personales identificables.<\/p>\n\n\n\n<h3 class=\"wp-block-heading\">4. Control de Cookies<\/h3>\n\n\n\n<p>Puedes configurar tu navegador para aceptar o rechazar cookies. Ten en cuenta que deshabilitar cookies puede afectar la funcionalidad de ciertas partes del sitio web. Al utilizar nuestro sitio, aceptas el procesamiento de datos por Google Analytics de la manera y para los fines descritos anteriormente.<\/p>\n\n\n\n<h3 class=\"wp-block-heading\">5. Seguridad de la Informaci\u00f3n<\/h3>\n\n\n\n<p>Tomamos medidas para proteger la informaci\u00f3n recopilada por Google Analytics y garantizar su seguridad. Sin embargo, ten en cuenta que ninguna transmisi\u00f3n por Internet es completamente segura y, por lo tanto, no podemos garantizar la seguridad absoluta de la informaci\u00f3n.<\/p>\n\n\n\n<h3 class=\"wp-block-heading\">6. Cambios en esta Pol\u00edtica de Privacidad<\/h3>\n\n\n\n<p>Nos reservamos el derecho de modificar esta Pol\u00edtica de Privacidad en cualquier momento. Cualquier cambio significativo ser\u00e1 notificado en nuestro sitio web o a trav\u00e9s de otros medios apropiados.<\/p>\n\n\n\n<h3 class=\"wp-block-heading\">7. Contacto<\/h3>\n\n\n\n<p>Si tienes preguntas sobre esta Pol\u00edtica de Privacidad o el uso de Google Analytics en nuestro sitio web, puedes contactarnos a trav\u00e9s de info@tecnivisa.com<\/p>\n","protected":false},"excerpt":{"rendered":"<p>Para dar cumplimiento a lo establecido en la Ley 34\/2002 de 11 de julio, de Servicios de la Sociedad de la Informaci\u00f3n y de Comercio Electr\u00f3nico (LSSICE), a continuaci\u00f3n, se indican los datos de informaci\u00f3n general del sitio&nbsp;www.tecnivisa.com La titularidad del sitio web https:\/\/www.tecnivisa.com\/ pertenece a: TECNIVISA, S.A.C.I.F.: A-78475761 Inscrita en el Registro Mercantil de&hellip;&nbsp;<a href=\"https:\/\/tecnivisa.com\/blog\/politica-privacidad\/\" rel=\"bookmark\">Read More &raquo;<span class=\"screen-reader-text\">POL\u00cdTICA DE PRIVACIDAD<\/span><\/a><\/p>\n","protected":false},"author":1,"featured_media":0,"parent":0,"menu_order":0,"comment_status":"closed","ping_status":"closed","template":"","meta":{"neve_meta_sidebar":"","neve_meta_container":"","neve_meta_enable_content_width":"","neve_meta_content_width":0,"neve_meta_title_alignment":"","neve_meta_author_avatar":"","neve_post_elements_order":"","neve_meta_disable_header":"","neve_meta_disable_footer":"","neve_meta_disable_title":"","neve_meta_reading_time":"","footnotes":""},"class_list":["post-3","page","type-page","status-publish","hentry"],"_links":{"self":[{"href":"https:\/\/tecnivisa.com\/blog\/wp-json\/wp\/v2\/pages\/3","targetHints":{"allow":["GET"]}}],"collection":[{"href":"https:\/\/tecnivisa.com\/blog\/wp-json\/wp\/v2\/pages"}],"about":[{"href":"https:\/\/tecnivisa.com\/blog\/wp-json\/wp\/v2\/types\/page"}],"author":[{"embeddable":true,"href":"https:\/\/tecnivisa.com\/blog\/wp-json\/wp\/v2\/users\/1"}],"replies":[{"embeddable":true,"href":"https:\/\/tecnivisa.com\/blog\/wp-json\/wp\/v2\/comments?post=3"}],"version-history":[{"count":3,"href":"https:\/\/tecnivisa.com\/blog\/wp-json\/wp\/v2\/pages\/3\/revisions"}],"predecessor-version":[{"id":186,"href":"https:\/\/tecnivisa.com\/blog\/wp-json\/wp\/v2\/pages\/3\/revisions\/186"}],"wp:attachment":[{"href":"https:\/\/tecnivisa.com\/blog\/wp-json\/wp\/v2\/media?parent=3"}],"curies":[{"name":"wp","href":"https:\/\/api.w.org\/{rel}","templated":true}]}}