{"id":189,"date":"2024-01-23T20:09:14","date_gmt":"2024-01-23T19:09:14","guid":{"rendered":"https:\/\/tecnivisa.com\/blog\/?page_id=189"},"modified":"2024-02-14T09:50:01","modified_gmt":"2024-02-14T08:50:01","slug":"aviso-legal","status":"publish","type":"page","link":"https:\/\/tecnivisa.com\/blog\/aviso-legal\/","title":{"rendered":"AVISO LEGAL"},"content":{"rendered":"\n<h3 class=\"wp-block-heading\">1.Datos de la empresa<\/h3>\n\n\n\n<p>Denominaci\u00f3n Social: TECNIVISA, S.A.<br>C.I.F.: A-78475761<br>Direcci\u00f3n: Calle Real, 102, 28703 San Sebasti\u00e1n de los Reyes, Madrid.<br>Tel\u00e9fono: 916 52 48 77<br>Correo Electr\u00f3nico: comercial@tecnivisa.com<\/p>\n\n\n\n<h3 class=\"wp-block-heading\">2.Propiedad intelectual e industrial<\/h3>\n\n\n\n<p>Todos los contenidos de este sitio web, incluyendo textos, im\u00e1genes, logotipos, dise\u00f1o gr\u00e1fico, son propiedad exclusiva de TECNIVISA, S.A. o de terceros que han autorizado su uso. Queda prohibida la reproducci\u00f3n, distribuci\u00f3n, comunicaci\u00f3n p\u00fablica y transformaci\u00f3n de estos contenidos sin la autorizaci\u00f3n expresa de TECNIVISA, S.A.<\/p>\n\n\n\n<h3 class=\"wp-block-heading\">3. Pol\u00edtica de privacidad<\/h3>\n\n\n\n<p>Toda la informaci\u00f3n personal proporcionada por los usuarios se maneja de acuerdo con nuestra Pol\u00edtica de Privacidad, que puede consultar<\/p>\n\n\n\n<p><a href=\"https:\/\/tecnivisa.com\/blog\/politica-privacidad\/\">Pol\u00edtica de Privacidad<\/a> <\/p>\n\n\n\n<h3 class=\"wp-block-heading\">4. Pol\u00edtica de Cookies<\/h3>\n\n\n\n<p>Este sitio web utiliza cookies para mejorar la experiencia del usuario. Puede obtener m\u00e1s informaci\u00f3n sobre el uso de cookies en nuestra<\/p>\n\n\n\n<p><a href=\"https:\/\/tecnivisa.com\/blog\/politica-de-cookies\/\">Pol\u00edtica de Cookies<\/a><\/p>\n\n\n\n<h3 class=\"wp-block-heading\">5. Ley Aplicable y Jurisdicci\u00f3n<\/h3>\n\n\n\n<p>Este aviso legal se rige por la legislaci\u00f3n espa\u00f1ola. Cualquier controversia que surja en relaci\u00f3n con este sitio web se someter\u00e1 a la jurisdicci\u00f3n de los tribunales de Madrid, renunciando las partes a cualquier otro fuero que pudiera corresponderles.<\/p>\n","protected":false},"excerpt":{"rendered":"<p>1.Datos de la empresa Denominaci\u00f3n Social: TECNIVISA, S.A.C.I.F.: A-78475761Direcci\u00f3n: Calle Real, 102, 28703 San Sebasti\u00e1n de los Reyes, Madrid.Tel\u00e9fono: 916 52 48 77Correo Electr\u00f3nico: comercial@tecnivisa.com 2.Propiedad intelectual e industrial Todos los contenidos de este sitio web, incluyendo textos, im\u00e1genes, logotipos, dise\u00f1o gr\u00e1fico, son propiedad exclusiva de TECNIVISA, S.A. o de terceros que han autorizado su&hellip;&nbsp;<a href=\"https:\/\/tecnivisa.com\/blog\/aviso-legal\/\" rel=\"bookmark\">Read More &raquo;<span class=\"screen-reader-text\">AVISO LEGAL<\/span><\/a><\/p>\n","protected":false},"author":1,"featured_media":0,"parent":0,"menu_order":0,"comment_status":"closed","ping_status":"closed","template":"","meta":{"neve_meta_sidebar":"","neve_meta_container":"","neve_meta_enable_content_width":"","neve_meta_content_width":0,"neve_meta_title_alignment":"","neve_meta_author_avatar":"","neve_post_elements_order":"","neve_meta_disable_header":"","neve_meta_disable_footer":"","neve_meta_disable_title":"","neve_meta_reading_time":"","footnotes":""},"class_list":["post-189","page","type-page","status-publish","hentry"],"_links":{"self":[{"href":"https:\/\/tecnivisa.com\/blog\/wp-json\/wp\/v2\/pages\/189","targetHints":{"allow":["GET"]}}],"collection":[{"href":"https:\/\/tecnivisa.com\/blog\/wp-json\/wp\/v2\/pages"}],"about":[{"href":"https:\/\/tecnivisa.com\/blog\/wp-json\/wp\/v2\/types\/page"}],"author":[{"embeddable":true,"href":"https:\/\/tecnivisa.com\/blog\/wp-json\/wp\/v2\/users\/1"}],"replies":[{"embeddable":true,"href":"https:\/\/tecnivisa.com\/blog\/wp-json\/wp\/v2\/comments?post=189"}],"version-history":[{"count":5,"href":"https:\/\/tecnivisa.com\/blog\/wp-json\/wp\/v2\/pages\/189\/revisions"}],"predecessor-version":[{"id":219,"href":"https:\/\/tecnivisa.com\/blog\/wp-json\/wp\/v2\/pages\/189\/revisions\/219"}],"wp:attachment":[{"href":"https:\/\/tecnivisa.com\/blog\/wp-json\/wp\/v2\/media?parent=189"}],"curies":[{"name":"wp","href":"https:\/\/api.w.org\/{rel}","templated":true}]}}